{"id":5283,"date":"2021-01-11T11:27:43","date_gmt":"2021-01-11T09:27:43","guid":{"rendered":"https:\/\/nofairytales.nl\/get-inspired\/"},"modified":"2022-10-03T08:45:54","modified_gmt":"2022-10-03T07:45:54","slug":"get-inspired","status":"publish","type":"page","link":"https:\/\/nofairytales.nl\/fr\/get-inspired\/","title":{"rendered":"Get Inspired"},"content":{"rendered":"<p><div class=\"fusion-fullwidth fullwidth-box fusion-builder-row-1 fusion-flex-container title-inspired nonhundred-percent-fullwidth non-hundred-percent-height-scrolling\" style=\"--awb-border-radius-top-left:0px;--awb-border-radius-top-right:0px;--awb-border-radius-bottom-right:0px;--awb-border-radius-bottom-left:0px;--awb-padding-top:60px;--awb-padding-bottom:30px;--awb-padding-top-small:20px;--awb-padding-bottom-small:0px;--awb-background-color:#ffffff;--awb-flex-wrap:wrap;\" ><div class=\"fusion-builder-row fusion-row fusion-flex-align-items-flex-start fusion-flex-content-wrap\" style=\"max-width:1216.8px;margin-left: calc(-4% \/ 2 );margin-right: calc(-4% \/ 2 );\"><div class=\"fusion-layout-column fusion_builder_column fusion-builder-column-0 fusion_builder_column_1_1 1_1 fusion-flex-column\" style=\"--awb-bg-size:cover;--awb-width-large:100%;--awb-margin-top-large:0px;--awb-spacing-right-large:1.92%;--awb-margin-bottom-large:0px;--awb-spacing-left-large:1.92%;--awb-width-medium:100%;--awb-order-medium:0;--awb-spacing-right-medium:1.92%;--awb-spacing-left-medium:1.92%;--awb-width-small:100%;--awb-order-small:0;--awb-spacing-right-small:1.92%;--awb-spacing-left-small:1.92%;\"><div class=\"fusion-column-wrapper fusion-column-has-shadow fusion-flex-justify-content-flex-start fusion-content-layout-column\"><div class=\"fusion-image-element \" style=\"text-align:center;--awb-caption-title-font-family:var(--h2_typography-font-family);--awb-caption-title-font-weight:var(--h2_typography-font-weight);--awb-caption-title-font-style:var(--h2_typography-font-style);--awb-caption-title-size:var(--h2_typography-font-size);--awb-caption-title-transform:var(--h2_typography-text-transform);--awb-caption-title-line-height:var(--h2_typography-line-height);--awb-caption-title-letter-spacing:var(--h2_typography-letter-spacing);\"><span class=\" fusion-imageframe imageframe-none imageframe-1 hover-type-none title-img\"><img decoding=\"async\" width=\"656\" height=\"122\" alt=\"Get inspired\" title=\"NoFairytales-GetInspired\" src=\"https:\/\/nofairytales.nl\/wp-content\/uploads\/2020\/12\/NoFairytales-GetInspired.png\" data-orig-src=\"https:\/\/nofairytales.nl\/wp-content\/uploads\/2020\/12\/NoFairytales-GetInspired.png\" class=\"lazyload img-responsive wp-image-4962\" srcset=\"data:image\/svg+xml,%3Csvg%20xmlns%3D%27http%3A%2F%2Fwww.w3.org%2F2000%2Fsvg%27%20width%3D%27656%27%20height%3D%27122%27%20viewBox%3D%270%200%20656%20122%27%3E%3Crect%20width%3D%27656%27%20height%3D%27122%27%20fill-opacity%3D%220%22%2F%3E%3C%2Fsvg%3E\" data-srcset=\"https:\/\/nofairytales.nl\/wp-content\/uploads\/2020\/12\/NoFairytales-GetInspired-200x37.png 200w, https:\/\/nofairytales.nl\/wp-content\/uploads\/2020\/12\/NoFairytales-GetInspired-400x74.png 400w, https:\/\/nofairytales.nl\/wp-content\/uploads\/2020\/12\/NoFairytales-GetInspired-600x112.png 600w, https:\/\/nofairytales.nl\/wp-content\/uploads\/2020\/12\/NoFairytales-GetInspired.png 656w\" data-sizes=\"auto\" data-orig-sizes=\"(max-width: 1024px) 100vw, (max-width: 640px) 100vw, 656px\" \/><\/span><\/div><div class=\"fusion-title title fusion-title-1 fusion-sep-none fusion-title-center fusion-title-text fusion-title-size-one\" style=\"--awb-margin-top:30px;--awb-font-size:32px;\"><h1 class=\"fusion-title-heading title-heading-center\" style=\"font-family:&quot;Shadows Into Light&quot;;font-style:normal;font-weight:400;margin:0;font-size:1em;\">Nous sommes ravis de vous compter parmi nous ! Alors, pr\u00eat(e) \u00e0 puiser de l\u2019inspiration?<\/h1><\/div><\/div><\/div><\/div><\/div><div class=\"fusion-fullwidth fullwidth-box fusion-builder-row-2 fusion-flex-container nonhundred-percent-fullwidth non-hundred-percent-height-scrolling\" style=\"--awb-border-radius-top-left:0px;--awb-border-radius-top-right:0px;--awb-border-radius-bottom-right:0px;--awb-border-radius-bottom-left:0px;--awb-background-color:#ffffff;--awb-flex-wrap:wrap;\" ><div class=\"fusion-builder-row fusion-row fusion-flex-align-items-flex-start fusion-flex-justify-content-center fusion-flex-content-wrap\" style=\"max-width:1216.8px;margin-left: calc(-4% \/ 2 );margin-right: calc(-4% \/ 2 );\"><div class=\"fusion-layout-column fusion_builder_column fusion-builder-column-1 fusion_builder_column_4_5 4_5 fusion-flex-column\" style=\"--awb-bg-size:cover;--awb-width-large:80%;--awb-margin-top-large:0px;--awb-spacing-right-large:2.4%;--awb-margin-bottom-large:0px;--awb-spacing-left-large:2.4%;--awb-width-medium:100%;--awb-order-medium:0;--awb-spacing-right-medium:1.92%;--awb-spacing-left-medium:1.92%;--awb-width-small:100%;--awb-order-small:0;--awb-spacing-right-small:1.92%;--awb-spacing-left-small:1.92%;\"><div class=\"fusion-column-wrapper fusion-column-has-shadow fusion-flex-justify-content-flex-start fusion-content-layout-column\"><div class=\"fusion-image-element \" style=\"text-align:center;--awb-caption-title-font-family:var(--h2_typography-font-family);--awb-caption-title-font-weight:var(--h2_typography-font-weight);--awb-caption-title-font-style:var(--h2_typography-font-style);--awb-caption-title-size:var(--h2_typography-font-size);--awb-caption-title-transform:var(--h2_typography-text-transform);--awb-caption-title-line-height:var(--h2_typography-line-height);--awb-caption-title-letter-spacing:var(--h2_typography-letter-spacing);\"><span class=\" fusion-imageframe imageframe-dropshadow imageframe-2 hover-type-none\" style=\"-webkit-box-shadow: 4px 4px 8px rgba(0,0,0,0.5);box-shadow: 4px 4px 8px rgba(0,0,0,0.5);\"><img decoding=\"async\" width=\"1680\" height=\"640\" alt=\"Taco&#039;s\" title=\"No-Fairytales-Get-Inspired-Tacos\" src=\"https:\/\/nofairytales.nl\/wp-content\/uploads\/2021\/04\/No-Fairytales-Get-Inspired-Tacos.jpg\" data-orig-src=\"https:\/\/nofairytales.nl\/wp-content\/uploads\/2021\/04\/No-Fairytales-Get-Inspired-Tacos.jpg\" class=\"lazyload img-responsive wp-image-6349\" srcset=\"data:image\/svg+xml,%3Csvg%20xmlns%3D%27http%3A%2F%2Fwww.w3.org%2F2000%2Fsvg%27%20width%3D%271680%27%20height%3D%27640%27%20viewBox%3D%270%200%201680%20640%27%3E%3Crect%20width%3D%271680%27%20height%3D%27640%27%20fill-opacity%3D%220%22%2F%3E%3C%2Fsvg%3E\" data-srcset=\"https:\/\/nofairytales.nl\/wp-content\/uploads\/2021\/04\/No-Fairytales-Get-Inspired-Tacos-200x76.jpg 200w, https:\/\/nofairytales.nl\/wp-content\/uploads\/2021\/04\/No-Fairytales-Get-Inspired-Tacos-400x152.jpg 400w, https:\/\/nofairytales.nl\/wp-content\/uploads\/2021\/04\/No-Fairytales-Get-Inspired-Tacos-600x229.jpg 600w, https:\/\/nofairytales.nl\/wp-content\/uploads\/2021\/04\/No-Fairytales-Get-Inspired-Tacos-800x305.jpg 800w, https:\/\/nofairytales.nl\/wp-content\/uploads\/2021\/04\/No-Fairytales-Get-Inspired-Tacos-1200x457.jpg 1200w, https:\/\/nofairytales.nl\/wp-content\/uploads\/2021\/04\/No-Fairytales-Get-Inspired-Tacos.jpg 1680w\" data-sizes=\"auto\" data-orig-sizes=\"(max-width: 1024px) 100vw, (max-width: 640px) 100vw, 1200px\" \/><\/span><\/div><div class=\"accordian fusion-accordian toggle-get-inspired\" style=\"--awb-border-size:1px;--awb-icon-size:24px;--awb-content-font-size:20px;--awb-icon-alignment:right;--awb-hover-color:#f9f9f9;--awb-border-color:#cccccc;--awb-background-color:#ffffff;--awb-divider-color:#e0dede;--awb-divider-hover-color:#e0dede;--awb-icon-color:#56b093;--awb-title-color:#56b093;--awb-content-color:#181818;--awb-icon-box-color:#333333;--awb-toggle-hover-accent-color:#56b093;--awb-title-font-family:&quot;Crimson Pro&quot;;--awb-title-font-weight:400;--awb-title-font-style:normal;--awb-title-font-size:36px;--awb-content-font-family:&quot;Crimson Pro&quot;;--awb-content-font-style:normal;--awb-content-font-weight:400;\"><div class=\"panel-group fusion-toggle-icon-right fusion-toggle-icon-unboxed\" id=\"accordion-5283-1\"><div class=\"fusion-panel panel-default panel-d570aa1935f5230ee fusion-toggle-no-divider\"><div class=\"panel-heading\"><h4 class=\"panel-title toggle\" id=\"toggle_d570aa1935f5230ee\"><a aria-expanded=\"false\" aria-controls=\"d570aa1935f5230ee\" role=\"button\" data-toggle=\"collapse\" data-parent=\"#accordion-5283-1\" data-target=\"#d570aa1935f5230ee\" href=\"#d570aa1935f5230ee\"><span class=\"fusion-toggle-icon-wrapper\" aria-hidden=\"true\"><i class=\"fa-fusion-box active-icon awb-icon-minus\" aria-hidden=\"true\"><\/i><i class=\"fa-fusion-box inactive-icon awb-icon-plus\" aria-hidden=\"true\"><\/i><\/span><span class=\"fusion-toggle-heading\">IN THE MOOD FOR FOOD?<\/span><\/a><\/h4><\/div><div id=\"d570aa1935f5230ee\" class=\"panel-collapse collapse \" aria-labelledby=\"toggle_d570aa1935f5230ee\"><div class=\"panel-body toggle-content fusion-clearfix\">\n<p style=\"text-align: center;\">Vous trouverez ici de d\u00e9licieuses recettes bourr\u00e9es de l\u00e9gumes sp\u00e9cialement con\u00e7ues pour vous.<\/p>\n<p style=\"text-align: center;\">\n<p style=\"text-align: center;\"><div style=\"text-align:center;\"><a class=\"fusion-button button-flat button-xlarge button-default fusion-button-default button-1 fusion-button-default-span fusion-button-default-type\" style=\"--button_text_transform:uppercase;\" target=\"_self\" title=\"Toutes les recettes\" aria-label=\"Toutes les recettes\" href=\"https:\/\/nofairytales.nl\/fr\/recettes\/\"><span class=\"fusion-button-text awb-button__text awb-button__text--default\">Recettes<\/span><i class=\"fa-angle-right fas awb-button__icon awb-button__icon--default button-icon-right\" aria-hidden=\"true\"><\/i><\/a><\/div>\n\n<\/div><\/div><\/div><\/div><\/div><\/div><\/div><\/div><\/div><div class=\"fusion-fullwidth fullwidth-box fusion-builder-row-3 fusion-flex-container nonhundred-percent-fullwidth non-hundred-percent-height-scrolling\" style=\"--awb-border-radius-top-left:0px;--awb-border-radius-top-right:0px;--awb-border-radius-bottom-right:0px;--awb-border-radius-bottom-left:0px;--awb-background-color:#ffffff;--awb-flex-wrap:wrap;\" ><div class=\"fusion-builder-row fusion-row fusion-flex-align-items-flex-start fusion-flex-justify-content-center fusion-flex-content-wrap\" style=\"max-width:1216.8px;margin-left: calc(-4% \/ 2 );margin-right: calc(-4% \/ 2 );\"><div class=\"fusion-layout-column fusion_builder_column fusion-builder-column-2 fusion_builder_column_4_5 4_5 fusion-flex-column\" style=\"--awb-bg-size:cover;--awb-width-large:80%;--awb-margin-top-large:0px;--awb-spacing-right-large:2.4%;--awb-margin-bottom-large:0px;--awb-spacing-left-large:2.4%;--awb-width-medium:100%;--awb-order-medium:0;--awb-spacing-right-medium:1.92%;--awb-spacing-left-medium:1.92%;--awb-width-small:100%;--awb-order-small:0;--awb-spacing-right-small:1.92%;--awb-spacing-left-small:1.92%;\"><div class=\"fusion-column-wrapper fusion-column-has-shadow fusion-flex-justify-content-flex-start fusion-content-layout-column\"><div class=\"fusion-image-element \" style=\"text-align:center;--awb-caption-title-font-family:var(--h2_typography-font-family);--awb-caption-title-font-weight:var(--h2_typography-font-weight);--awb-caption-title-font-style:var(--h2_typography-font-style);--awb-caption-title-size:var(--h2_typography-font-size);--awb-caption-title-transform:var(--h2_typography-text-transform);--awb-caption-title-line-height:var(--h2_typography-line-height);--awb-caption-title-letter-spacing:var(--h2_typography-letter-spacing);\"><span class=\" fusion-imageframe imageframe-dropshadow imageframe-3 hover-type-none\" style=\"-webkit-box-shadow: 4px 4px 8px rgba(0,0,0,0.5);box-shadow: 4px 4px 8px rgba(0,0,0,0.5);\"><img decoding=\"async\" src=\"data:image\/gif;base64,R0lGODlhAQABAAAAACH5BAEKAAEALAAAAAABAAEAAAICTAEAOw==\" data-orig-src=\"https:\/\/nofairytales.nl\/wp-content\/uploads\/2021\/04\/No-Fairytales-Get-Inspired-Missie-1200x457.jpg\" alt class=\"lazyload img-responsive wp-image-5654\"\/><\/span><\/div><div class=\"accordian fusion-accordian toggle-get-inspired\" style=\"--awb-border-size:1px;--awb-icon-size:24px;--awb-content-font-size:20px;--awb-icon-alignment:right;--awb-hover-color:#f9f9f9;--awb-border-color:#cccccc;--awb-background-color:#ffffff;--awb-divider-color:#e0dede;--awb-divider-hover-color:#e0dede;--awb-icon-color:#56b093;--awb-title-color:#56b093;--awb-content-color:#181818;--awb-icon-box-color:#333333;--awb-toggle-hover-accent-color:#56b093;--awb-title-font-family:&quot;Crimson Pro&quot;;--awb-title-font-weight:400;--awb-title-font-style:normal;--awb-title-font-size:36px;--awb-content-font-family:&quot;Crimson Pro&quot;;--awb-content-font-style:normal;--awb-content-font-weight:400;\"><div class=\"panel-group fusion-toggle-icon-right fusion-toggle-icon-unboxed\" id=\"accordion-5283-2\"><div class=\"fusion-panel panel-default panel-f9016f9b90be00a26 fusion-toggle-no-divider\" style=\"--awb-title-color:#56b093;\"><div class=\"panel-heading\"><h4 class=\"panel-title toggle\" id=\"toggle_f9016f9b90be00a26\"><a aria-expanded=\"false\" aria-controls=\"f9016f9b90be00a26\" role=\"button\" data-toggle=\"collapse\" data-parent=\"#accordion-5283-2\" data-target=\"#f9016f9b90be00a26\" href=\"#f9016f9b90be00a26\"><span class=\"fusion-toggle-icon-wrapper\" aria-hidden=\"true\"><i class=\"fa-fusion-box active-icon awb-icon-minus\" aria-hidden=\"true\"><\/i><i class=\"fa-fusion-box inactive-icon awb-icon-plus\" aria-hidden=\"true\"><\/i><\/span><span class=\"fusion-toggle-heading\">JOIN OUR MISSION<\/span><\/a><\/h4><\/div><div id=\"f9016f9b90be00a26\" class=\"panel-collapse collapse \" aria-labelledby=\"toggle_f9016f9b90be00a26\"><div class=\"panel-body toggle-content fusion-clearfix\">\n<p style=\"text-align: center;\">Manger sainement doit devenir une \u00e9vidence. Les tortillas aux l\u00e9gumes vous aident \u00e0 facilement mieux manger non seulement parce qu\u2019elles se composent pour moiti\u00e9 de l\u00e9gumes, mais \u00e9galement parce que, souvent, on les farcit de nombreux l\u00e9gumes ! De cette mani\u00e8re, avec No Fairytales, nous esp\u00e9rons pouvoir contribuer \u00e0 la consommation de l\u00e9gumes des gens.<\/p>\n<p style=\"text-align: center;\"><div style=\"text-align:center;\"><a class=\"fusion-button button-flat button-xlarge button-default fusion-button-default button-2 fusion-button-default-span fusion-button-default-type\" style=\"--button_text_transform:uppercase;\" target=\"_self\" title=\"notre mission\" aria-label=\"notre mission\" href=\"https:\/\/nofairytales.nl\/fr\/mission\/\"><span class=\"fusion-button-text awb-button__text awb-button__text--default\">notre mission<\/span><i class=\"fa-angle-right fas awb-button__icon awb-button__icon--default button-icon-right\" aria-hidden=\"true\"><\/i><\/a><\/div>\n\n<\/div><\/div><\/div><\/div><\/div><\/div><\/div><\/div><\/div><\/p>\n","protected":false},"excerpt":{"rendered":"","protected":false},"author":1,"featured_media":1732,"parent":0,"menu_order":0,"comment_status":"closed","ping_status":"closed","template":"100-width.php","meta":{"_acf_changed":false,"_yoast_wpseo_focuskw":"Inspiration de recette","_yoast_wpseo_title":"","_yoast_wpseo_metadesc":"Trouvez des recettes color\u00e9es, rapides et saines pour un d\u00e9jeuner rapide ou pour un repas sain pour les enfants. Prendre plaisir!","_yoast_wpseo_canonical":"","wprm-recipe-roundup-name":"","wprm-recipe-roundup-description":"","footnotes":"","_yoast_wpseo_primary_category":null},"class_list":["post-5283","page","type-page","status-publish","has-post-thumbnail","hentry"],"acf":[],"acf_repeaters":[],"yoast_head":"<!-- This site is optimized with the Yoast SEO plugin v25.5 - https:\/\/yoast.com\/wordpress\/plugins\/seo\/ -->\n<title>Get Inspired - No Fairytales | Real food. Real story.<\/title>\n<meta name=\"description\" content=\"Trouvez des recettes color\u00e9es, rapides et saines pour un d\u00e9jeuner rapide ou pour un repas sain pour les enfants. Prendre plaisir!\" \/>\n<meta name=\"robots\" content=\"index, follow, max-snippet:-1, max-image-preview:large, max-video-preview:-1\" \/>\n<link rel=\"canonical\" href=\"https:\/\/nofairytales.nl\/fr\/get-inspired\/\" \/>\n<meta property=\"og:locale\" content=\"fr_FR\" \/>\n<meta property=\"og:type\" content=\"article\" \/>\n<meta property=\"og:title\" content=\"Get Inspired - No Fairytales | Real food. Real story.\" \/>\n<meta property=\"og:description\" content=\"Trouvez des recettes color\u00e9es, rapides et saines pour un d\u00e9jeuner rapide ou pour un repas sain pour les enfants. Prendre plaisir!\" \/>\n<meta property=\"og:url\" content=\"https:\/\/nofairytales.nl\/fr\/get-inspired\/\" \/>\n<meta property=\"og:site_name\" content=\"No Fairytales | Real food. Real story.\" \/>\n<meta property=\"article:publisher\" content=\"https:\/\/www.facebook.com\/nofairytalesonline\/\" \/>\n<meta property=\"article:modified_time\" content=\"2022-10-03T07:45:54+00:00\" \/>\n<meta property=\"og:image\" content=\"https:\/\/nofairytales.nl\/wp-content\/uploads\/2020\/04\/No-Fairytales-Recepten.jpg\" \/>\n\t<meta property=\"og:image:width\" content=\"1920\" \/>\n\t<meta property=\"og:image:height\" content=\"1300\" \/>\n\t<meta property=\"og:image:type\" content=\"image\/jpeg\" \/>\n<meta name=\"twitter:card\" content=\"summary_large_image\" \/>\n<meta name=\"twitter:site\" content=\"@nofairytalesnl\" \/>\n<meta name=\"twitter:label1\" content=\"Dur\u00e9e de lecture estim\u00e9e\" \/>\n\t<meta name=\"twitter:data1\" content=\"6 minutes\" \/>\n<script type=\"application\/ld+json\" class=\"yoast-schema-graph\">{\"@context\":\"https:\/\/schema.org\",\"@graph\":[{\"@type\":\"WebPage\",\"@id\":\"https:\/\/nofairytales.nl\/fr\/get-inspired\/\",\"url\":\"https:\/\/nofairytales.nl\/fr\/get-inspired\/\",\"name\":\"Get Inspired - No Fairytales | Real food. Real story.\",\"isPartOf\":{\"@id\":\"https:\/\/nofairytales.nl\/fr\/#website\"},\"primaryImageOfPage\":{\"@id\":\"https:\/\/nofairytales.nl\/fr\/get-inspired\/#primaryimage\"},\"image\":{\"@id\":\"https:\/\/nofairytales.nl\/fr\/get-inspired\/#primaryimage\"},\"thumbnailUrl\":\"https:\/\/nofairytales.nl\/wp-content\/uploads\/2020\/04\/No-Fairytales-Recepten.jpg\",\"datePublished\":\"2021-01-11T09:27:43+00:00\",\"dateModified\":\"2022-10-03T07:45:54+00:00\",\"description\":\"Trouvez des recettes color\u00e9es, rapides et saines pour un d\u00e9jeuner rapide ou pour un repas sain pour les enfants. Prendre plaisir!\",\"breadcrumb\":{\"@id\":\"https:\/\/nofairytales.nl\/fr\/get-inspired\/#breadcrumb\"},\"inLanguage\":\"fr-FR\",\"potentialAction\":[{\"@type\":\"ReadAction\",\"target\":[\"https:\/\/nofairytales.nl\/fr\/get-inspired\/\"]}]},{\"@type\":\"ImageObject\",\"inLanguage\":\"fr-FR\",\"@id\":\"https:\/\/nofairytales.nl\/fr\/get-inspired\/#primaryimage\",\"url\":\"https:\/\/nofairytales.nl\/wp-content\/uploads\/2020\/04\/No-Fairytales-Recepten.jpg\",\"contentUrl\":\"https:\/\/nofairytales.nl\/wp-content\/uploads\/2020\/04\/No-Fairytales-Recepten.jpg\",\"width\":1920,\"height\":1300,\"caption\":\"No Fairytales Recepten\"},{\"@type\":\"BreadcrumbList\",\"@id\":\"https:\/\/nofairytales.nl\/fr\/get-inspired\/#breadcrumb\",\"itemListElement\":[{\"@type\":\"ListItem\",\"position\":1,\"name\":\"Home\",\"item\":\"https:\/\/nofairytales.nl\/fr\/\"},{\"@type\":\"ListItem\",\"position\":2,\"name\":\"Get Inspired\"}]},{\"@type\":\"WebSite\",\"@id\":\"https:\/\/nofairytales.nl\/fr\/#website\",\"url\":\"https:\/\/nofairytales.nl\/fr\/\",\"name\":\"No Fairytales | Real food. Real story.\",\"description\":\"\",\"publisher\":{\"@id\":\"https:\/\/nofairytales.nl\/fr\/#organization\"},\"potentialAction\":[{\"@type\":\"SearchAction\",\"target\":{\"@type\":\"EntryPoint\",\"urlTemplate\":\"https:\/\/nofairytales.nl\/fr\/?s={search_term_string}\"},\"query-input\":{\"@type\":\"PropertyValueSpecification\",\"valueRequired\":true,\"valueName\":\"search_term_string\"}}],\"inLanguage\":\"fr-FR\"},{\"@type\":\"Organization\",\"@id\":\"https:\/\/nofairytales.nl\/fr\/#organization\",\"name\":\"No Fairytales\",\"url\":\"https:\/\/nofairytales.nl\/fr\/\",\"logo\":{\"@type\":\"ImageObject\",\"inLanguage\":\"fr-FR\",\"@id\":\"https:\/\/nofairytales.nl\/fr\/#\/schema\/logo\/image\/\",\"url\":\"\",\"contentUrl\":\"\",\"caption\":\"No Fairytales\"},\"image\":{\"@id\":\"https:\/\/nofairytales.nl\/fr\/#\/schema\/logo\/image\/\"},\"sameAs\":[\"https:\/\/www.facebook.com\/nofairytalesonline\/\",\"https:\/\/x.com\/nofairytalesnl\"]}]}<\/script>\n<!-- \/ Yoast SEO plugin. -->","yoast_head_json":{"title":"Get Inspired - No Fairytales | Real food. Real story.","description":"Trouvez des recettes color\u00e9es, rapides et saines pour un d\u00e9jeuner rapide ou pour un repas sain pour les enfants. Prendre plaisir!","robots":{"index":"index","follow":"follow","max-snippet":"max-snippet:-1","max-image-preview":"max-image-preview:large","max-video-preview":"max-video-preview:-1"},"canonical":"https:\/\/nofairytales.nl\/fr\/get-inspired\/","og_locale":"fr_FR","og_type":"article","og_title":"Get Inspired - No Fairytales | Real food. Real story.","og_description":"Trouvez des recettes color\u00e9es, rapides et saines pour un d\u00e9jeuner rapide ou pour un repas sain pour les enfants. Prendre plaisir!","og_url":"https:\/\/nofairytales.nl\/fr\/get-inspired\/","og_site_name":"No Fairytales | Real food. Real story.","article_publisher":"https:\/\/www.facebook.com\/nofairytalesonline\/","article_modified_time":"2022-10-03T07:45:54+00:00","og_image":[{"width":1920,"height":1300,"url":"https:\/\/nofairytales.nl\/wp-content\/uploads\/2020\/04\/No-Fairytales-Recepten.jpg","type":"image\/jpeg"}],"twitter_card":"summary_large_image","twitter_site":"@nofairytalesnl","twitter_misc":{"Dur\u00e9e de lecture estim\u00e9e":"6 minutes"},"schema":{"@context":"https:\/\/schema.org","@graph":[{"@type":"WebPage","@id":"https:\/\/nofairytales.nl\/fr\/get-inspired\/","url":"https:\/\/nofairytales.nl\/fr\/get-inspired\/","name":"Get Inspired - No Fairytales | Real food. Real story.","isPartOf":{"@id":"https:\/\/nofairytales.nl\/fr\/#website"},"primaryImageOfPage":{"@id":"https:\/\/nofairytales.nl\/fr\/get-inspired\/#primaryimage"},"image":{"@id":"https:\/\/nofairytales.nl\/fr\/get-inspired\/#primaryimage"},"thumbnailUrl":"https:\/\/nofairytales.nl\/wp-content\/uploads\/2020\/04\/No-Fairytales-Recepten.jpg","datePublished":"2021-01-11T09:27:43+00:00","dateModified":"2022-10-03T07:45:54+00:00","description":"Trouvez des recettes color\u00e9es, rapides et saines pour un d\u00e9jeuner rapide ou pour un repas sain pour les enfants. Prendre plaisir!","breadcrumb":{"@id":"https:\/\/nofairytales.nl\/fr\/get-inspired\/#breadcrumb"},"inLanguage":"fr-FR","potentialAction":[{"@type":"ReadAction","target":["https:\/\/nofairytales.nl\/fr\/get-inspired\/"]}]},{"@type":"ImageObject","inLanguage":"fr-FR","@id":"https:\/\/nofairytales.nl\/fr\/get-inspired\/#primaryimage","url":"https:\/\/nofairytales.nl\/wp-content\/uploads\/2020\/04\/No-Fairytales-Recepten.jpg","contentUrl":"https:\/\/nofairytales.nl\/wp-content\/uploads\/2020\/04\/No-Fairytales-Recepten.jpg","width":1920,"height":1300,"caption":"No Fairytales Recepten"},{"@type":"BreadcrumbList","@id":"https:\/\/nofairytales.nl\/fr\/get-inspired\/#breadcrumb","itemListElement":[{"@type":"ListItem","position":1,"name":"Home","item":"https:\/\/nofairytales.nl\/fr\/"},{"@type":"ListItem","position":2,"name":"Get Inspired"}]},{"@type":"WebSite","@id":"https:\/\/nofairytales.nl\/fr\/#website","url":"https:\/\/nofairytales.nl\/fr\/","name":"No Fairytales | Real food. Real story.","description":"","publisher":{"@id":"https:\/\/nofairytales.nl\/fr\/#organization"},"potentialAction":[{"@type":"SearchAction","target":{"@type":"EntryPoint","urlTemplate":"https:\/\/nofairytales.nl\/fr\/?s={search_term_string}"},"query-input":{"@type":"PropertyValueSpecification","valueRequired":true,"valueName":"search_term_string"}}],"inLanguage":"fr-FR"},{"@type":"Organization","@id":"https:\/\/nofairytales.nl\/fr\/#organization","name":"No Fairytales","url":"https:\/\/nofairytales.nl\/fr\/","logo":{"@type":"ImageObject","inLanguage":"fr-FR","@id":"https:\/\/nofairytales.nl\/fr\/#\/schema\/logo\/image\/","url":"","contentUrl":"","caption":"No Fairytales"},"image":{"@id":"https:\/\/nofairytales.nl\/fr\/#\/schema\/logo\/image\/"},"sameAs":["https:\/\/www.facebook.com\/nofairytalesonline\/","https:\/\/x.com\/nofairytalesnl"]}]}},"_links":{"self":[{"href":"https:\/\/nofairytales.nl\/fr\/wp-json\/wp\/v2\/pages\/5283","targetHints":{"allow":["GET"]}}],"collection":[{"href":"https:\/\/nofairytales.nl\/fr\/wp-json\/wp\/v2\/pages"}],"about":[{"href":"https:\/\/nofairytales.nl\/fr\/wp-json\/wp\/v2\/types\/page"}],"author":[{"embeddable":true,"href":"https:\/\/nofairytales.nl\/fr\/wp-json\/wp\/v2\/users\/1"}],"replies":[{"embeddable":true,"href":"https:\/\/nofairytales.nl\/fr\/wp-json\/wp\/v2\/comments?post=5283"}],"version-history":[{"count":0,"href":"https:\/\/nofairytales.nl\/fr\/wp-json\/wp\/v2\/pages\/5283\/revisions"}],"wp:featuredmedia":[{"embeddable":true,"href":"https:\/\/nofairytales.nl\/fr\/wp-json\/wp\/v2\/media\/1732"}],"wp:attachment":[{"href":"https:\/\/nofairytales.nl\/fr\/wp-json\/wp\/v2\/media?parent=5283"}],"curies":[{"name":"wp","href":"https:\/\/api.w.org\/{rel}","templated":true}]}}